{"id":3,"date":"2022-10-17T05:40:43","date_gmt":"2022-10-17T05:40:43","guid":{"rendered":"https:\/\/kbmpharma.eu\/?page_id=3"},"modified":"2025-10-03T08:33:27","modified_gmt":"2025-10-03T08:33:27","slug":"privacy-policy","status":"publish","type":"page","link":"https:\/\/kbmpharma.eu\/en\/privacy-policy\/","title":{"rendered":"Data Privacy Notice"},"content":{"rendered":"<div data-elementor-type=\"wp-page\" data-elementor-id=\"3\" class=\"elementor elementor-3\" data-elementor-post-type=\"page\">\n\t\t\t\t\t\t<section class=\"elementor-section elementor-top-section elementor-element elementor-element-390dfb9 elementor-section-height-min-height elementor-section-boxed elementor-section-height-default elementor-section-items-middle\" data-id=\"390dfb9\" data-element_type=\"section\" data-e-type=\"section\" data-settings=\"{&quot;background_background&quot;:&quot;classic&quot;}\">\n\t\t\t\t\t\t\t<div class=\"elementor-background-overlay\"><\/div>\n\t\t\t\t\t\t\t<div class=\"elementor-container elementor-column-gap-default\">\n\t\t\t\t\t<div class=\"elementor-column elementor-col-100 elementor-top-column elementor-element elementor-element-6c2c915\" data-id=\"6c2c915\" data-element_type=\"column\" data-e-type=\"column\">\n\t\t\t<div class=\"elementor-widget-wrap\">\n\t\t\t\t\t\t\t<\/div>\n\t\t<\/div>\n\t\t\t\t\t<\/div>\n\t\t<\/section>\n\t\t\t\t<section class=\"elementor-section elementor-top-section elementor-element elementor-element-0857061 elementor-section-content-top main-section elementor-section-boxed elementor-section-height-default elementor-section-height-default\" data-id=\"0857061\" data-element_type=\"section\" data-e-type=\"section\" data-settings=\"{&quot;background_background&quot;:&quot;classic&quot;}\">\n\t\t\t\t\t\t<div class=\"elementor-container elementor-column-gap-no\">\n\t\t\t\t\t<div class=\"elementor-column elementor-col-100 elementor-top-column elementor-element elementor-element-42d9cc1\" data-id=\"42d9cc1\" data-element_type=\"column\" data-e-type=\"column\">\n\t\t\t<div class=\"elementor-widget-wrap elementor-element-populated\">\n\t\t\t\t\t\t<div class=\"elementor-element elementor-element-dbd4032 elementor-widget elementor-widget-heading\" data-id=\"dbd4032\" data-element_type=\"widget\" data-e-type=\"widget\" data-widget_type=\"heading.default\">\n\t\t\t\t<div class=\"elementor-widget-container\">\n\t\t\t\t\t<h2 class=\"elementor-heading-title elementor-size-default\"><b>Data Privacy Notice<\/b><\/h2>\t\t\t\t<\/div>\n\t\t\t\t<\/div>\n\t\t\t\t<div class=\"elementor-element elementor-element-9ab0a00 elementor-widget-divider--view-line elementor-widget elementor-widget-divider\" data-id=\"9ab0a00\" data-element_type=\"widget\" data-e-type=\"widget\" data-widget_type=\"divider.default\">\n\t\t\t\t<div class=\"elementor-widget-container\">\n\t\t\t\t\t\t\t<div class=\"elementor-divider\">\n\t\t\t<span class=\"elementor-divider-separator\">\n\t\t\t\t\t\t<\/span>\n\t\t<\/div>\n\t\t\t\t\t\t<\/div>\n\t\t\t\t<\/div>\n\t\t\t\t<div class=\"elementor-element elementor-element-46fe340 elementor-widget elementor-widget-text-editor\" data-id=\"46fe340\" data-element_type=\"widget\" data-e-type=\"widget\" data-widget_type=\"text-editor.default\">\n\t\t\t\t<div class=\"elementor-widget-container\">\n\t\t\t\t\t\t\t\t\t<p style=\"text-align: justify;\"><span style=\"font-size: 12pt; color: #000000;\">This Privacy Notice specifies the data protection and processing principles which KBM Pharma O\u00dc\nimplements to protect the privacy and security of personal data.\u00a0<\/span><\/p><p style=\"text-align: justify;\"><span style=\"color: #000000;\"><b><span style=\"font-size: 12.0pt;\">1.<\/span><\/b><span style=\"font-size: 12.0pt;\">\u00a0\u00a0\u00a0\u00a0\u00a0\u00a0\u00a0\u00a0 <b>Data controller<\/b><\/span><\/span><\/p><p style=\"text-align: justify;\"><span style=\"font-size: 12pt; color: #000000;\">The data controller of your personal data is KBM Pharma O\u00dc.<\/span><\/p><p style=\"text-align: justify;\"><strong><span style=\"font-size: 12pt; color: #000000;\">Contact <\/span><\/strong><\/p><p style=\"text-align: justify;\"><strong><span style=\"font-size: 12pt; color: #000000;\">KBM Pharma O\u00dc <br \/><\/span><span style=\"font-size: 12pt; color: #000000;\">Registrikood: 10251683<br \/><\/span><span style=\"font-size: 12pt; color: #000000;\">T\u00e4htvere 4, Tartu 51007, Eesti<br \/><\/span><span style=\"font-size: 12pt; color: #000000;\">Telefon: +733 8080<br \/><\/span><span style=\"font-size: 12pt; color: #000000;\">E-post: <u><a style=\"color: #000000;\" href=\"mailto:kbmpharma@kbmpharma.eu\">kbmpharma@kbmpharma.eu<\/a><\/u><\/span><\/strong><\/p><p style=\"text-align: justify;\"><span style=\"color: #000000;\"><b><span style=\"font-size: 12.0pt;\">2. The purpose of processing personal data<\/span><\/b><\/span><\/p><p style=\"text-align: justify;\"><span style=\"font-size: 12pt; color: #000000;\">We process personal data for the following purposes:<\/span><\/p><p style=\"text-align: justify;\"><span style=\"font-size: 12pt; color: #000000;\">- To manage contractual and cooperative relationships.<\/span><\/p><p style=\"text-align: justify;\"><span style=\"font-size: 12pt; color: #000000;\">- To manage orders and deliveries.<\/span><\/p><p style=\"text-align: justify;\"><span style=\"font-size: 12pt; color: #000000;\">- To process settlements and payments.<\/span><\/p><p style=\"text-align: justify;\"><span style=\"font-size: 12pt; color: #000000;\">- For communication and exchange of information.<\/span><\/p><p style=\"text-align: justify;\"><span style=\"font-size: 12pt; color: #000000;\">- To protect the rights and interests of the company. <\/span><\/p><p style=\"text-align: justify;\"><span style=\"font-size: 12pt; color: #000000;\">\u2022\u00a0\u00a0\u00a0\u00a0\u00a0\u00a0\u00a0\u00a0\u00a0 Ravimiohutusalase info kogumiseks ja edastamiseks<\/span><\/p><p style=\"text-align: justify;\"><span style=\"font-size: 12pt; color: #000000;\">The legal basis for processing of personal data is typically fulfillment of a cooperation agreement or pre-\ncontractual communication. Additionally, we process data based on our legitimate business interests, such\n\nas for business communications and document storage.<\/span><\/p><p style=\"text-align: justify;\"><span style=\"color: #000000;\"><b><span style=\"font-size: 12.0pt;\">3. Data security<\/span><\/b><\/span><\/p><p style=\"text-align: justify;\"><span style=\"font-size: 12pt; color: #000000;\">In certain cases, the obligation to process data also\narises from the requirements to keep accounting documents (outlined in the Accounting Act).<\/span><\/p><p style=\"text-align: justify;\"><span style=\"color: #000000;\"><b><span style=\"font-size: 12.0pt;\">4. Data security <\/span><\/b><\/span><\/p><p style=\"text-align: justify;\"><span style=\"font-size: 12pt; color: #000000;\">KBM Pharma O\u00dcconsiders protection of personal data and ensuring the security of information systems\nto be extremely important. The company\u2019s information systems are compliant with international security\nstandards And we employ up-to-date technical and organisational measures to ensure the confidentiality,\nintegrity, and availability of data. <\/span><\/p><p style=\"text-align: justify;\"><span style=\"font-size: 12pt; color: #000000;\">Awareness of employees is a critical component of security protocols. Therefore we conduct regular\ninternal trainings and coaching sessions to ensure that our employees follow best practices of data\nprotection and information security.<\/span><\/p><p style=\"text-align: justify;\"><span style=\"color: #000000;\"><b><span style=\"font-size: 12.0pt;\">5. Rights of data subjects<\/span><\/b><\/span><\/p><p style=\"text-align: justify;\"><span style=\"font-size: 12pt; color: #000000;\">You have the right to: <\/span><\/p><p style=\"text-align: justify;\"><span style=\"font-size: 12pt; color: #000000;\">- Access your personal data.<\/span><\/p><p style=\"text-align: justify;\"><span style=\"font-size: 12pt; color: #000000;\">- Request to correct or delete your data.<\/span><\/p><p style=\"text-align: justify;\"><span style=\"font-size: 12pt; color: #000000;\">- Challenge or object to the data processing.<\/span><\/p><p style=\"text-align: justify;\"><span style=\"font-size: 12pt; color: #000000;\">- Restrict the processing of data or require the transfer of data.<\/span><\/p><p style=\"text-align: justify;\"><span style=\"font-size: 12pt; color: #000000;\">- File a complaint with an appropriate supervisory authority (in Estonia, Data Protection\nInspectorate, https:\/\/www.aki.en).<\/span><\/p><p style=\"text-align: justify;\"><span style=\"font-size: 12pt; color: #000000;\">\u00a0<\/span><\/p>\t\t\t\t\t\t\t\t<\/div>\n\t\t\t\t<\/div>\n\t\t\t\t\t<\/div>\n\t\t<\/div>\n\t\t\t\t\t<\/div>\n\t\t<\/section>\n\t\t\t\t<\/div>","protected":false},"excerpt":{"rendered":"<p>Privaatsusteatis K\u00e4esolevas privaatsusteatises on toodud andmekaitse- ja t\u00f6\u00f6tlusp\u00f5him\u00f5tted, mida KBM Pharma O\u00dc rakendab isikuandmete kaitseks ja andmete turvalisuse tagamiseks.\u00a0 1.\u00a0\u00a0\u00a0\u00a0\u00a0\u00a0\u00a0\u00a0 Vastutav t\u00f6\u00f6tleja Teie isikuandmete vastutav t\u00f6\u00f6tleja on KBM Pharma O\u00dc. Kontakt: KBM Pharma O\u00dc Registrikood: 10251683T\u00e4htvere 4, Tartu 51007, EestiTelefon: +733 8080E-post: kbmpharma@kbmpharma.eu 2.\u00a0\u00a0\u00a0\u00a0\u00a0\u00a0\u00a0\u00a0 Isikuandmete t\u00f6\u00f6tlemise eesm\u00e4rk T\u00f6\u00f6tleme isikuandmeid j\u00e4rgmistel eesm\u00e4rkidel: \u2022\u00a0\u00a0\u00a0\u00a0\u00a0\u00a0\u00a0\u00a0\u00a0 Lepinguliste ja koost\u00f6\u00f6suhete [&hellip;]<\/p>\n","protected":false},"author":1,"featured_media":0,"parent":0,"menu_order":0,"comment_status":"closed","ping_status":"open","template":"elementor_header_footer","meta":{"site-sidebar-layout":"no-sidebar","site-content-layout":"","ast-site-content-layout":"default","site-content-style":"default","site-sidebar-style":"default","ast-global-header-display":"","ast-banner-title-visibility":"","ast-main-header-display":"","ast-hfb-above-header-display":"","ast-hfb-below-header-display":"","ast-hfb-mobile-header-display":"","site-post-title":"disabled","ast-breadcrumbs-content":"","ast-featured-img":"","footer-sml-layout":"","ast-disable-related-posts":"","theme-transparent-header-meta":"default","adv-header-id-meta":"","stick-header-meta":"","header-above-stick-meta":"","header-main-stick-meta":"","header-below-stick-meta":"","astra-migrate-meta-layouts":"default","ast-page-background-enabled":"default","ast-page-background-meta":{"desktop":{"background-color":"","background-image":"","background-repeat":"repeat","background-position":"center center","background-size":"auto","background-attachment":"scroll","background-type":"","background-media":"","overlay-type":"","overlay-color":"","overlay-opacity":"","overlay-gradient":""},"tablet":{"background-color":"","background-image":"","background-repeat":"repeat","background-position":"center center","background-size":"auto","background-attachment":"scroll","background-type":"","background-media":"","overlay-type":"","overlay-color":"","overlay-opacity":"","overlay-gradient":""},"mobile":{"background-color":"","background-image":"","background-repeat":"repeat","background-position":"center center","background-size":"auto","background-attachment":"scroll","background-type":"","background-media":"","overlay-type":"","overlay-color":"","overlay-opacity":"","overlay-gradient":""}},"ast-content-background-meta":{"desktop":{"background-color":"var(--ast-global-color-5)","background-image":"","background-repeat":"repeat","background-position":"center center","background-size":"auto","background-attachment":"scroll","background-type":"","background-media":"","overlay-type":"","overlay-color":"","overlay-opacity":"","overlay-gradient":""},"tablet":{"background-color":"var(--ast-global-color-5)","background-image":"","background-repeat":"repeat","background-position":"center center","background-size":"auto","background-attachment":"scroll","background-type":"","background-media":"","overlay-type":"","overlay-color":"","overlay-opacity":"","overlay-gradient":""},"mobile":{"background-color":"var(--ast-global-color-5)","background-image":"","background-repeat":"repeat","background-position":"center center","background-size":"auto","background-attachment":"scroll","background-type":"","background-media":"","overlay-type":"","overlay-color":"","overlay-opacity":"","overlay-gradient":""}},"footnotes":""},"class_list":["post-3","page","type-page","status-publish","hentry"],"yoast_head":"<!-- This site is optimized with the Yoast SEO plugin v27.4 - https:\/\/yoast.com\/product\/yoast-seo-wordpress\/ -->\n<title>Privaatsusteatis - KBM Pharma<\/title>\n<meta name=\"robots\" content=\"index, follow, max-snippet:-1, max-image-preview:large, max-video-preview:-1\" \/>\n<link rel=\"canonical\" href=\"https:\/\/kbmpharma.eu\/en\/privacy-policy\/\" \/>\n<meta property=\"og:locale\" content=\"en_GB\" \/>\n<meta property=\"og:type\" content=\"article\" \/>\n<meta property=\"og:title\" content=\"Privaatsusteatis - KBM Pharma\" \/>\n<meta property=\"og:description\" content=\"Privaatsusteatis K\u00e4esolevas privaatsusteatises on toodud andmekaitse- ja t\u00f6\u00f6tlusp\u00f5him\u00f5tted, mida KBM Pharma O\u00dc rakendab isikuandmete kaitseks ja andmete turvalisuse tagamiseks.\u00a0 1.\u00a0\u00a0\u00a0\u00a0\u00a0\u00a0\u00a0\u00a0 Vastutav t\u00f6\u00f6tleja Teie isikuandmete vastutav t\u00f6\u00f6tleja on KBM Pharma O\u00dc. Kontakt: KBM Pharma O\u00dc Registrikood: 10251683T\u00e4htvere 4, Tartu 51007, EestiTelefon: +733 8080E-post: kbmpharma@kbmpharma.eu 2.\u00a0\u00a0\u00a0\u00a0\u00a0\u00a0\u00a0\u00a0 Isikuandmete t\u00f6\u00f6tlemise eesm\u00e4rk T\u00f6\u00f6tleme isikuandmeid j\u00e4rgmistel eesm\u00e4rkidel: \u2022\u00a0\u00a0\u00a0\u00a0\u00a0\u00a0\u00a0\u00a0\u00a0 Lepinguliste ja koost\u00f6\u00f6suhete [&hellip;]\" \/>\n<meta property=\"og:url\" content=\"https:\/\/kbmpharma.eu\/en\/privacy-policy\/\" \/>\n<meta property=\"og:site_name\" content=\"KBM Pharma\" \/>\n<meta property=\"article:modified_time\" content=\"2025-10-03T08:33:27+00:00\" \/>\n<meta name=\"twitter:card\" content=\"summary_large_image\" \/>\n<meta name=\"twitter:label1\" content=\"Estimated reading time\" \/>\n\t<meta name=\"twitter:data1\" content=\"2 minutes\" \/>\n<script type=\"application\/ld+json\" class=\"yoast-schema-graph\">{\"@context\":\"https:\\\/\\\/schema.org\",\"@graph\":[{\"@type\":\"WebPage\",\"@id\":\"https:\\\/\\\/kbmpharma.eu\\\/privacy-policy\\\/\",\"url\":\"https:\\\/\\\/kbmpharma.eu\\\/privacy-policy\\\/\",\"name\":\"Privaatsusteatis - KBM Pharma\",\"isPartOf\":{\"@id\":\"https:\\\/\\\/kbmpharma.eu\\\/#website\"},\"datePublished\":\"2022-10-17T05:40:43+00:00\",\"dateModified\":\"2025-10-03T08:33:27+00:00\",\"breadcrumb\":{\"@id\":\"https:\\\/\\\/kbmpharma.eu\\\/privacy-policy\\\/#breadcrumb\"},\"inLanguage\":\"en-GB\",\"potentialAction\":[{\"@type\":\"ReadAction\",\"target\":[\"https:\\\/\\\/kbmpharma.eu\\\/privacy-policy\\\/\"]}]},{\"@type\":\"BreadcrumbList\",\"@id\":\"https:\\\/\\\/kbmpharma.eu\\\/privacy-policy\\\/#breadcrumb\",\"itemListElement\":[{\"@type\":\"ListItem\",\"position\":1,\"name\":\"Home\",\"item\":\"https:\\\/\\\/kbmpharma.eu\\\/\"},{\"@type\":\"ListItem\",\"position\":2,\"name\":\"Privaatsusteatis\"}]},{\"@type\":\"WebSite\",\"@id\":\"https:\\\/\\\/kbmpharma.eu\\\/#website\",\"url\":\"https:\\\/\\\/kbmpharma.eu\\\/\",\"name\":\"KBM Pharma\",\"description\":\"Solutions for pharmaceutical industry and healthcare\",\"publisher\":{\"@id\":\"https:\\\/\\\/kbmpharma.eu\\\/#organization\"},\"potentialAction\":[{\"@type\":\"SearchAction\",\"target\":{\"@type\":\"EntryPoint\",\"urlTemplate\":\"https:\\\/\\\/kbmpharma.eu\\\/?s={search_term_string}\"},\"query-input\":{\"@type\":\"PropertyValueSpecification\",\"valueRequired\":true,\"valueName\":\"search_term_string\"}}],\"inLanguage\":\"en-GB\"},{\"@type\":\"Organization\",\"@id\":\"https:\\\/\\\/kbmpharma.eu\\\/#organization\",\"name\":\"KBM Pharma\",\"url\":\"https:\\\/\\\/kbmpharma.eu\\\/\",\"logo\":{\"@type\":\"ImageObject\",\"inLanguage\":\"en-GB\",\"@id\":\"https:\\\/\\\/kbmpharma.eu\\\/#\\\/schema\\\/logo\\\/image\\\/\",\"url\":\"https:\\\/\\\/kbmpharma.eu\\\/wp-content\\\/uploads\\\/2022\\\/10\\\/kbmp_uus_logo.png\",\"contentUrl\":\"https:\\\/\\\/kbmpharma.eu\\\/wp-content\\\/uploads\\\/2022\\\/10\\\/kbmp_uus_logo.png\",\"width\":1729,\"height\":192,\"caption\":\"KBM Pharma\"},\"image\":{\"@id\":\"https:\\\/\\\/kbmpharma.eu\\\/#\\\/schema\\\/logo\\\/image\\\/\"}}]}<\/script>\n<!-- \/ Yoast SEO plugin. -->","yoast_head_json":{"title":"Privaatsusteatis - KBM Pharma","robots":{"index":"index","follow":"follow","max-snippet":"max-snippet:-1","max-image-preview":"max-image-preview:large","max-video-preview":"max-video-preview:-1"},"canonical":"https:\/\/kbmpharma.eu\/en\/privacy-policy\/","og_locale":"en_GB","og_type":"article","og_title":"Privaatsusteatis - KBM Pharma","og_description":"Privaatsusteatis K\u00e4esolevas privaatsusteatises on toodud andmekaitse- ja t\u00f6\u00f6tlusp\u00f5him\u00f5tted, mida KBM Pharma O\u00dc rakendab isikuandmete kaitseks ja andmete turvalisuse tagamiseks.\u00a0 1.\u00a0\u00a0\u00a0\u00a0\u00a0\u00a0\u00a0\u00a0 Vastutav t\u00f6\u00f6tleja Teie isikuandmete vastutav t\u00f6\u00f6tleja on KBM Pharma O\u00dc. Kontakt: KBM Pharma O\u00dc Registrikood: 10251683T\u00e4htvere 4, Tartu 51007, EestiTelefon: +733 8080E-post: kbmpharma@kbmpharma.eu 2.\u00a0\u00a0\u00a0\u00a0\u00a0\u00a0\u00a0\u00a0 Isikuandmete t\u00f6\u00f6tlemise eesm\u00e4rk T\u00f6\u00f6tleme isikuandmeid j\u00e4rgmistel eesm\u00e4rkidel: \u2022\u00a0\u00a0\u00a0\u00a0\u00a0\u00a0\u00a0\u00a0\u00a0 Lepinguliste ja koost\u00f6\u00f6suhete [&hellip;]","og_url":"https:\/\/kbmpharma.eu\/en\/privacy-policy\/","og_site_name":"KBM Pharma","article_modified_time":"2025-10-03T08:33:27+00:00","twitter_card":"summary_large_image","twitter_misc":{"Estimated reading time":"2 minutes"},"schema":{"@context":"https:\/\/schema.org","@graph":[{"@type":"WebPage","@id":"https:\/\/kbmpharma.eu\/privacy-policy\/","url":"https:\/\/kbmpharma.eu\/privacy-policy\/","name":"Privaatsusteatis - KBM Pharma","isPartOf":{"@id":"https:\/\/kbmpharma.eu\/#website"},"datePublished":"2022-10-17T05:40:43+00:00","dateModified":"2025-10-03T08:33:27+00:00","breadcrumb":{"@id":"https:\/\/kbmpharma.eu\/privacy-policy\/#breadcrumb"},"inLanguage":"en-GB","potentialAction":[{"@type":"ReadAction","target":["https:\/\/kbmpharma.eu\/privacy-policy\/"]}]},{"@type":"BreadcrumbList","@id":"https:\/\/kbmpharma.eu\/privacy-policy\/#breadcrumb","itemListElement":[{"@type":"ListItem","position":1,"name":"Home","item":"https:\/\/kbmpharma.eu\/"},{"@type":"ListItem","position":2,"name":"Privaatsusteatis"}]},{"@type":"WebSite","@id":"https:\/\/kbmpharma.eu\/#website","url":"https:\/\/kbmpharma.eu\/","name":"KBM Pharma","description":"Solutions for pharmaceutical industry and healthcare","publisher":{"@id":"https:\/\/kbmpharma.eu\/#organization"},"potentialAction":[{"@type":"SearchAction","target":{"@type":"EntryPoint","urlTemplate":"https:\/\/kbmpharma.eu\/?s={search_term_string}"},"query-input":{"@type":"PropertyValueSpecification","valueRequired":true,"valueName":"search_term_string"}}],"inLanguage":"en-GB"},{"@type":"Organization","@id":"https:\/\/kbmpharma.eu\/#organization","name":"KBM Pharma","url":"https:\/\/kbmpharma.eu\/","logo":{"@type":"ImageObject","inLanguage":"en-GB","@id":"https:\/\/kbmpharma.eu\/#\/schema\/logo\/image\/","url":"https:\/\/kbmpharma.eu\/wp-content\/uploads\/2022\/10\/kbmp_uus_logo.png","contentUrl":"https:\/\/kbmpharma.eu\/wp-content\/uploads\/2022\/10\/kbmp_uus_logo.png","width":1729,"height":192,"caption":"KBM Pharma"},"image":{"@id":"https:\/\/kbmpharma.eu\/#\/schema\/logo\/image\/"}}]}},"_links":{"self":[{"href":"https:\/\/kbmpharma.eu\/en\/wp-json\/wp\/v2\/pages\/3","targetHints":{"allow":["GET"]}}],"collection":[{"href":"https:\/\/kbmpharma.eu\/en\/wp-json\/wp\/v2\/pages"}],"about":[{"href":"https:\/\/kbmpharma.eu\/en\/wp-json\/wp\/v2\/types\/page"}],"author":[{"embeddable":true,"href":"https:\/\/kbmpharma.eu\/en\/wp-json\/wp\/v2\/users\/1"}],"replies":[{"embeddable":true,"href":"https:\/\/kbmpharma.eu\/en\/wp-json\/wp\/v2\/comments?post=3"}],"version-history":[{"count":24,"href":"https:\/\/kbmpharma.eu\/en\/wp-json\/wp\/v2\/pages\/3\/revisions"}],"predecessor-version":[{"id":2077,"href":"https:\/\/kbmpharma.eu\/en\/wp-json\/wp\/v2\/pages\/3\/revisions\/2077"}],"wp:attachment":[{"href":"https:\/\/kbmpharma.eu\/en\/wp-json\/wp\/v2\/media?parent=3"}],"curies":[{"name":"wp","href":"https:\/\/api.w.org\/{rel}","templated":true}]}}